{"id":44803,"date":"2023-06-18T22:07:24","date_gmt":"2023-06-18T20:07:24","guid":{"rendered":"https:\/\/lukasiewicz.gov.pl\/search\/"},"modified":"2025-02-16T23:44:00","modified_gmt":"2025-02-16T22:44:00","slug":"search","status":"publish","type":"page","link":"https:\/\/lukasiewicz.gov.pl\/en\/search\/","title":{"rendered":"search"},"content":{"rendered":"\t\t<div data-elementor-type=\"wp-page\" data-elementor-id=\"44803\" class=\"elementor elementor-44803 elementor-44798\" data-elementor-post-type=\"page\">\n\t\t\t\t\t\t<section class=\"elementor-section elementor-top-section elementor-element elementor-element-d10272e elementor-section-boxed elementor-section-height-default elementor-section-height-default\" data-id=\"d10272e\" data-element_type=\"section\" data-e-type=\"section\">\n\t\t\t\t\t\t<div class=\"elementor-container elementor-column-gap-default\">\n\t\t\t\t\t<div class=\"elementor-column elementor-col-100 elementor-top-column elementor-element elementor-element-77e64eb\" data-id=\"77e64eb\" data-element_type=\"column\" data-e-type=\"column\">\n\t\t\t<div class=\"elementor-widget-wrap elementor-element-populated\">\n\t\t\t\t\t\t<div class=\"elementor-element elementor-element-cca3ef2 elementor-widget elementor-widget-heading\" data-id=\"cca3ef2\" data-element_type=\"widget\" data-e-type=\"widget\" data-widget_type=\"heading.default\">\n\t\t\t\t<div class=\"elementor-widget-container\">\n\t\t\t\t\t<h2 class=\"elementor-heading-title elementor-size-default\">Search Results:<\/h2>\t\t\t\t<\/div>\n\t\t\t\t<\/div>\n\t\t\t\t\t<\/div>\n\t\t<\/div>\n\t\t\t\t\t<\/div>\n\t\t<\/section>\n\t\t\t\t<section class=\"elementor-section elementor-top-section elementor-element elementor-element-825a9ec elementor-section-boxed elementor-section-height-default elementor-section-height-default\" data-id=\"825a9ec\" data-element_type=\"section\" data-e-type=\"section\">\n\t\t\t\t\t\t<div class=\"elementor-container elementor-column-gap-default\">\n\t\t\t\t\t<div class=\"elementor-column elementor-col-100 elementor-top-column elementor-element elementor-element-e7e8655\" data-id=\"e7e8655\" data-element_type=\"column\" data-e-type=\"column\">\n\t\t\t<div class=\"elementor-widget-wrap elementor-element-populated\">\n\t\t\t\t\t\t<div class=\"elementor-element elementor-element-5ebede0 elementor-widget elementor-widget-shortcode\" data-id=\"5ebede0\" data-element_type=\"widget\" data-e-type=\"widget\" data-widget_type=\"shortcode.default\">\n\t\t\t\t<div class=\"elementor-widget-container\">\n\t\t\t\t\t<div class=\"post-wrapper\"><h3><a href=\"https:\/\/lukasiewicz.gov.pl\/en\/lukasiewicz-accelerator\/\">\u0141ukasiewicz Accelerator<\/a><\/h3><p><span class=\"excerpt_part\">The aim of this initiative addressed to employees of the \u0141ukasiewicz Research Network is to increase the number of implementations of solutions and technologies developed within the network through indirect...<\/span><\/p><h3><a href=\"https:\/\/lukasiewicz.gov.pl\/en\/marcin-kielbasinski\/\">Marcin Kie\u0142basi\u0144ski<\/a><\/h3><p><span class=\"excerpt_part\"><\/span><\/p><h3><a href=\"https:\/\/lukasiewicz.gov.pl\/en\/tomasz-detka\/\">Tomasz Detka<\/a><\/h3><p><span class=\"excerpt_part\"><\/span><\/p><h3><a href=\"https:\/\/lukasiewicz.gov.pl\/en\/ewa-zawadzka\/\">Ewa Zawadzka<\/a><\/h3><p><span class=\"excerpt_part\"><\/span><\/p><h3><a href=\"https:\/\/lukasiewicz.gov.pl\/en\/monitoring-of-glass-melting-parameters\/\">Monitoring of glass melting parameters<\/a><\/h3><p><span class=\"excerpt_part\"><\/span><\/p><h3><a href=\"https:\/\/lukasiewicz.gov.pl\/en\/maria-prokop-wyczanska\/\">Maria Prokop-Wycza\u0144ska<\/a><\/h3><p><span class=\"excerpt_part\">Manager with over ten years of experience in international relations, mobile technology and strategic development projects in the area of government administration. She gained her professional experience at the Jagiellonian...<\/span><\/p><h3><a href=\"https:\/\/lukasiewicz.gov.pl\/en\/adam-okninski\/\">Adam Okni\u0144ski<\/a><\/h3><p><span class=\"excerpt_part\"><\/span><\/p><h3><a href=\"https:\/\/lukasiewicz.gov.pl\/en\/lukasz-grotkowski\/\">\u0141ukasz Grotkowski<\/a><\/h3><p><span class=\"excerpt_part\"><\/span><\/p><h3><a href=\"https:\/\/lukasiewicz.gov.pl\/en\/dr-marek-dietl\/\">Dr. Marek Dietl<\/a><\/h3><p><span class=\"excerpt_part\">Dr. Marek Dietl is the president of the Warsaw Stock Exchange and economic advisor of the President of the Republic of Poland, as well as assistant professor at the Warsaw...<\/span><\/p><h3><a href=\"https:\/\/lukasiewicz.gov.pl\/en\/dagmara-nickel\/\">Dagmara Nickel<\/a><\/h3><p><span class=\"excerpt_part\">Founder and president of YouNick Mint &ndash; the first operational investment fund in Poland, known for its committed and partner approach to startups. A manager and investor with over 20...<\/span><\/p><h3><a href=\"https:\/\/lukasiewicz.gov.pl\/en\/prof-dr-habil-eng-slawomir-wiak\/\">Prof. Dr. habil. Eng. S\u0142awomir Wiak<\/a><\/h3><p><span class=\"excerpt_part\">An outstanding scientist, experienced organiser of academic life and animator of cooperation between science and business. Performing multiple administrative and organisational functions, he participated in the preparation of interdisciplinary development...<\/span><\/p><h3><a href=\"https:\/\/lukasiewicz.gov.pl\/en\/new-ketchup-production-technology\/\">New ketchup production technology<\/a><\/h3><p><span class=\"excerpt_part\"><\/span><\/p><h3><a href=\"https:\/\/lukasiewicz.gov.pl\/en\/dr-eng-irena-dul\/\">Dr. eng. Irena Dul<\/a><\/h3><p><span class=\"excerpt_part\">Since the beginning of her professional career, she has been associated with the aviation industry and aircraft engine technology. Her first job was at WSK &ldquo;PZL Rzesz&oacute;w&rdquo; S.A., which changed...<\/span><\/p><h3><a href=\"https:\/\/lukasiewicz.gov.pl\/en\/dr-eng-pawel-bielski\/\">Dr. Eng. Pawe\u0142 Bielski<\/a><\/h3><p><span class=\"excerpt_part\">He has been associated with the chemical industry for his whole professional life, especially in the areas of strategy and development. He was a director of the Corporate Department of...<\/span><\/p><h3><a href=\"https:\/\/lukasiewicz.gov.pl\/en\/mikolaj-ostrowski\/\">Miko\u0142aj Ostrowski<\/a><\/h3><p><span class=\"excerpt_part\"><\/span><\/p><h3><a href=\"https:\/\/lukasiewicz.gov.pl\/en\/prof-dr-habil-lucyna-wozniak\/\">Prof. Dr. habil. Lucyna Wo\u017aniak<\/a><\/h3><p><span class=\"excerpt_part\">Lucyna Wozniak is a professor of medical sciences and head of the Department of Medical Biology and the Department of Structural Biology at the Medical University of \u0141&oacute;d\u017a. Her research...<\/span><\/p><h3><a href=\"https:\/\/lukasiewicz.gov.pl\/en\/andrzej-guzowski\/\">Andrzej Guzowski<\/a><\/h3><p><span class=\"excerpt_part\">In the years 1995&ndash;2015, as a president of the management board, he managed Unia Grudzi\u0105dz, which he established together with another partner. He was simultaneously a president of the board...<\/span><\/p><h3><a href=\"https:\/\/lukasiewicz.gov.pl\/en\/prof-dr-habil-marcin-moniuszko\/\">Prof. Dr. habil. Marcin Moniuszko<\/a><\/h3><p><span class=\"excerpt_part\">The head of the Department of Allergology and Internal Diseases, as well as the Department of Regenerative Medicine and Immunoregulation at the Medical University of Bia\u0142ystok. He has completed numerous...<\/span><\/p><h3><a href=\"https:\/\/lukasiewicz.gov.pl\/en\/danang-birowosuto\/\">Danang Birowosuto<\/a><\/h3><p><span class=\"excerpt_part\"><\/span><\/p><h3><a href=\"https:\/\/lukasiewicz.gov.pl\/en\/adam-banaszak\/\">Adam Banaszak<\/a><\/h3><p><span class=\"excerpt_part\">Adam Banaszak possesses over 20 years of professional experience in financial management and implementation of complex business and innovation projects. He has held the positions of Chief Economic Officer, member...<\/span><\/p><h3><a href=\"https:\/\/lukasiewicz.gov.pl\/en\/prof-dr-habil-eng-jan-szmidt\/\">Prof. Dr. habil. Eng. Jan Szmidt<\/a><\/h3><p><span class=\"excerpt_part\">He obtained his habilitation in 1995 based on the monograph &ldquo;Diamond-like carbon layers produced by plasma methods for microelectronics&rdquo;. He was the initiator, manager and coordinator of the commissioned research...<\/span><\/p><h3><a href=\"https:\/\/lukasiewicz.gov.pl\/en\/patrycja-gazinska\/\">Patrycja Gazi\u0144ska<\/a><\/h3><p><span class=\"excerpt_part\"><\/span><\/p><h3><a href=\"https:\/\/lukasiewicz.gov.pl\/en\/artur-b-chmielewski\/\">Artur B. Chmielewski<\/a><\/h3><p><span class=\"excerpt_part\">Artur B. Chmielewski works at the Jet Propulsion Laboratory (JPL) &ndash; NASA in California as a space mission manager. He studied at the University of Michigan and the University of...<\/span><\/p><h3><a href=\"https:\/\/lukasiewicz.gov.pl\/en\/dr-eng-pawel-stezycki\/\">Dr. eng. Pawe\u0142 St\u0119\u017cycki<\/a><\/h3><p><span class=\"excerpt_part\">At \u0141ukasiewicz &ndash; Institute of Aviation, he is responsible for the development and implementation of strategy, structural changes, cooperation with domestic and foreign entities and participation in national and international...<\/span><\/p><h3><a href=\"https:\/\/lukasiewicz.gov.pl\/en\/prof-dr-habil-eng-tadeusz-uhl\/\">Prof. Dr. habil. Eng. Tadeusz Uhl<\/a><\/h3><p><span class=\"excerpt_part\">His research interests include mechatronics, structural dynamics, robotics, structural monitoring and non-contact methods of measuring mechanical quantities. An author of 1030 scientific articles and reports, 210 of which were published...<\/span><\/p><h3><a href=\"https:\/\/lukasiewicz.gov.pl\/en\/components-for-mid-infrared-technology\/\">Components for mid-infrared technology<\/a><\/h3><p><span class=\"excerpt_part\"><\/span><\/p><h3><a href=\"https:\/\/lukasiewicz.gov.pl\/en\/hanna-purzynska\/\">Hanna Purzy\u0144ska<\/a><\/h3><p><span class=\"excerpt_part\"><\/span><\/p><h3><a href=\"https:\/\/lukasiewicz.gov.pl\/en\/marlena-maslanka\/\">Marlena Ma\u015blanka<\/a><\/h3><p><span class=\"excerpt_part\">Associated with the institute since 2008. Specialises in the fields of economics, accounting and management. She has many years of experience, among others as deputy director of the institute, branch...<\/span><\/p><h3><a href=\"https:\/\/lukasiewicz.gov.pl\/en\/marcin-prochimiuk\/\">Marcin Parchomiuk<\/a><\/h3><p><span class=\"excerpt_part\">Marcin Parchomiuk, PhD, is an experienced manager in research and development. He has many years of experience leading research teams and R&amp;D projects focused on industrial implementation and commercialization. He...<\/span><\/p><h3><a href=\"https:\/\/lukasiewicz.gov.pl\/en\/iwona-szwach\/\">Iwona Szwach<\/a><\/h3><p><span class=\"excerpt_part\">She gained her professional experience in research and scientific activity management at the institute, progressing through stages of her career from a head of a research team, accredited laboratory and...<\/span><\/p><h3><a href=\"https:\/\/lukasiewicz.gov.pl\/en\/bioproduct-that-accelerates-composting\/\">Bioproduct that accelerates composting<\/a><\/h3><p><span class=\"excerpt_part\"><\/span><\/p><h3><a href=\"https:\/\/lukasiewicz.gov.pl\/en\/pawel-pichniarczyk\/\">Pawe\u0142 Pichniarczyk<\/a><\/h3><p><span class=\"excerpt_part\">He has worked at the institute since 1995, advancing through successive scientific and managerial positions; since 2018 he has served as the institute&rsquo;s director. His track record includes many successful...<\/span><\/p><h3><a href=\"https:\/\/lukasiewicz.gov.pl\/en\/piotr-szynkarczyk\/\">Piotr Szynkarczyk<\/a><\/h3><p><span class=\"excerpt_part\">Almost from the beginning of his career, he has been associated with \u0141ukasiewicz &ndash; PIAP, where he created, among others, the first Polish pyrotechnic robots. These robots are now the...<\/span><\/p><h3><a href=\"https:\/\/lukasiewicz.gov.pl\/en\/barbara-juszczyk\/\">Barbara Juszczyk<\/a><\/h3><p><span class=\"excerpt_part\">A manager and scientist with many years of experience. Ph.D. in technical sciences in material engineering. A member of the Board of Advisors of the President of the \u0141ukasiewicz Centre,...<\/span><\/p><h3><a href=\"https:\/\/lukasiewicz.gov.pl\/en\/janusz-sitek\/\">Janusz Sitek<\/a><\/h3><p><span class=\"excerpt_part\">He has 14 years of experience in managing human resources teams at, among others, the Research Centre for Electronic Technologies and numerous interdisciplinary international projects. In 2019, he graduated from...<\/span><\/p><h3><a href=\"https:\/\/lukasiewicz.gov.pl\/en\/adam-zielinski\/\">Adam Zielinski<\/a><\/h3><p><span class=\"excerpt_part\">Director Lukasiewicz &ndash; GIT. For more than 20 years he has been associated with the institute (former: Lukasiewicz &ndash; IM\u017b) going through successive levels of scientific and professional career. As...<\/span><\/p><h3><a href=\"https:\/\/lukasiewicz.gov.pl\/en\/jakub-gadek\/\">Jakub Gadek<\/a><\/h3><p><span class=\"excerpt_part\">He is a graduate of the Faculty of Technical Physics, Informatics and Applied Mathematics of the Technical University of Lodz. He obtained a Ph.D. in technical sciences in computer science...<\/span><\/p><h3><a href=\"https:\/\/lukasiewicz.gov.pl\/en\/information\/\">Information<\/a><\/h3><p><span class=\"excerpt_part\">Information Events Successes Podcasts Technologies Institute News News14 sty 2025 \u0141ukasiewicz researcher with a publication in &ldquo;Nature&rdquo; Dr Marek Wagner, head of the Innate Immunity Research Group at \u0141ukasiewicz &ndash;...<\/span><\/p><h3><a href=\"https:\/\/lukasiewicz.gov.pl\/en\/year-of-lukasiewicz\/\">Year of \u0141ukasiewicz<\/a><\/h3><p><span class=\"excerpt_part\">2022: Year of Ignacy \u0141ukasiewicz We thought for a long time about how to commemorate the 200th birthday of Ignacy \u0141ukasiewicz. Would our patron have liked a conference dedicated to...<\/span><\/p><h3><a href=\"https:\/\/lukasiewicz.gov.pl\/en\/council-and-board-of-advisors\/\">Council and College of Advisors<\/a><\/h3><p><span class=\"excerpt_part\">Council and College of Advisors \u0141ukasiewicz Center Council Maria Mr&oacute;wczy\u0144ska Chair of the Council, Undersecretary of State at the Ministry of Science and Higher Education Marek Gzik Member of the...<\/span><\/p><h3><a href=\"https:\/\/lukasiewicz.gov.pl\/en\/\">home<\/a><\/h3><p><span class=\"excerpt_part\">Business advantage thanks to the support of science \u0141ukasiewicz Research Network will present you a research and development solution Ask for an offer propose a solution about us select experts...<\/span><\/p><h3><a href=\"https:\/\/lukasiewicz.gov.pl\/en\/career\/\">Career<\/a><\/h3><p><span class=\"excerpt_part\">Join us and work for the success polish companies! Be part of one of Europe's largest research networks see job offers Marta P\u0119dzik Specialist in composite technology Job offers Find...<\/span><\/p><h3><a href=\"https:\/\/lukasiewicz.gov.pl\/en\/lukasiewicz-sparks\/\">\u0141ukasiewicz Sparks<\/a><\/h3><p><span class=\"excerpt_part\">\u0141UKASIEWICZ SPARKS: COMPETITION RESULTS...<\/span><\/p><h3><a href=\"https:\/\/lukasiewicz.gov.pl\/en\/institutes\/\">Institutes<\/a><\/h3><p><span class=\"excerpt_part\">22 INSTITUTES ACROSS POLAND MASOVIA \u0141ukasiewicz Centre \u0141ukasiewicz &ndash; Industrial Chemistry Institute \u0141ukasiewicz &ndash; Institute of Electrical Engineering \u0141ukasiewicz &ndash; Institute of Aviation \u0141ukasiewicz &ndash; ITECH Institute of Innovation and...<\/span><\/p><h3><a href=\"https:\/\/lukasiewicz.gov.pl\/en\/directors-of-lukasiewicz-institutes-en\/\">Directors of the Lukasiewicz Institutes<\/a><\/h3><p><span class=\"excerpt_part\">Directors of Institutes...<\/span><\/p><h3><a href=\"https:\/\/lukasiewicz.gov.pl\/en\/contact\/\">Contact<\/a><\/h3><p><span class=\"excerpt_part\">Let&rsquo;s talk about your needs contact us visit us \u0141ukasiewicz Center 469 Pu\u0142awska street 02-844 Warsaw NIP: 951 248 16 68 REGON: 382967128 Call us or write to sekretariat@lukasiewicz.gov.pl +48...<\/span><\/p><h3><a href=\"https:\/\/lukasiewicz.gov.pl\/en\/get-to-know-us\/\">Get to know us<\/a><\/h3><p><span class=\"excerpt_part\">One of the largest research networks in Europe We are the part of science that works for business, carrying out R&amp;D projects crucial from the perspective of our clients' development....<\/span><\/p><h3><a href=\"https:\/\/lukasiewicz.gov.pl\/en\/4-directions-of-research\/\">4 directions of research<\/a><\/h3><p><span class=\"excerpt_part\">Defence &amp; State Security Having highly advanced defence technologies is a key element in effectively countering threats and guaranteeing the security of citizens. The development of the national arms industry...<\/span><\/p><h3><a href=\"https:\/\/lukasiewicz.gov.pl\/en\/nawiazalismy-wspolprace-z-vtt\/\">We have established a partnership with VTT Technical Research Centre of Finland<\/a><\/h3><p><span class=\"excerpt_part\">Lukasiewicz Vice President Marcin Kraska and VTT President Antti Vasara signed a cooperation agreement between the Lukasiewicz Research Network and the VTT Technical Research Center of Finland. VTT is a...<\/span><\/p><h3><a href=\"https:\/\/lukasiewicz.gov.pl\/en\/laser-kaskadowy-lukasiewicz-imif\/\">Cascade Laser Lukasiewicz - IMiF to detect hazardous gases in industry<\/a><\/h3><p><span class=\"excerpt_part\">A semiconductor cascade laser developed at the Warsaw laboratory of \u0141ukasiewicz &ndash; Institute of Microelectronics and Photonics can detect trace amounts of chemicals, such as methane in mines, or monitor...<\/span><\/p><h3><a href=\"https:\/\/lukasiewicz.gov.pl\/en\/podcast-oxford-we-wroclawiu-jak-swiatowa-nauka-moze-zagoscic-w-polsce\/\">[PL] Oxford in Wroclaw. How can the world's science come to Poland?\u00a0<\/a><\/h3><p><span class=\"excerpt_part\">Lukasiewicz-PORT is an institute that consistently builds conditions for scientists with world-class achievements. Modern labs, good salary conditions and a network of international ties have contributed to the fact that...<\/span><\/p><h3><a href=\"https:\/\/lukasiewicz.gov.pl\/en\/solid-electro-solution\/\">Solid Electro Solution, or specialized protection against electromagnetic radiation<\/a><\/h3><p><span class=\"excerpt_part\">Researchers at Lukasiewicz &ndash; LIT have developed an innovative electromagnetic field shielding material that will be used in the construction, electrical and automotive industries. SEE OTHER LUKASIEWICZ PRODUCTS AT WARSAW...<\/span><\/p><h3><a href=\"https:\/\/lukasiewicz.gov.pl\/en\/lukasiewicz-na-warsaw-industry-week-poznaj-nasze-rozwiazania-dla-nowoczesnego-przemyslu\/\">Lukasiewicz at Warsaw Industry Week. Learn about our solutions for modern industry<\/a><\/h3><p><span class=\"excerpt_part\">Warsaw Industry Week 2022 has begun in Nadarzyn, near Warsaw, Poland, with 15 institutes once again presenting their products and services at the joint booth of the Lukasiewicz Research Network....<\/span><\/p><h3><a href=\"https:\/\/lukasiewicz.gov.pl\/en\/business\/\">business<\/a><\/h3><p><span class=\"excerpt_part\">Write what you need Ask for an offer Lukasiewicz Research Network will present you with an R&amp;D solution. Describe your needs to us and we will select experts and propose...<\/span><\/p><h3><a href=\"https:\/\/lukasiewicz.gov.pl\/en\/job-archive\/\">Job Archive<\/a><\/h3><p><span class=\"excerpt_part\">Job Archive testowa oferta 11 minut&nbsp;ago Institute \u0141ukasiewicz &ndash; Pozna\u0144 Institute of Technology level specjalista (regular) mandatory requirements test welcome test job description &ndash; daily tasks &ndash; benefits &ndash; test...<\/span><\/p><h3><a href=\"https:\/\/lukasiewicz.gov.pl\/en\/send-us-your-cv\/\">Wy\u015blij nam swoje cv<\/a><\/h3><p><span class=\"excerpt_part\">[ninja_form id=26]<\/span><\/p><h3><a href=\"https:\/\/lukasiewicz.gov.pl\/en\/korea-poland-business-forum-cooperation-agreements-with-institutions-from-korea\/\">Korea-Poland Business Forum. Cooperation agreements with institutions from Korea<\/a><\/h3><p><span class=\"excerpt_part\">During the Korea-Poland Business Forum, the \u0141ukasiewicz Research Network announced the signing of important cooperation agreements with renowned institutions from Korea. The agreements were concluded with representatives of the Korea...<\/span><\/p><h3><a href=\"https:\/\/lukasiewicz.gov.pl\/en\/visit-at-the-university-of-oxford-exchange-of-experiences-and-perspectives\/\">Visit at the University of Oxford \u2013 exchange of experiences and perspectives<\/a><\/h3><p><span class=\"excerpt_part\">For three days, representatives of the \u0141ukasiewicz Research Network participated in several meetings and asked hundreds of questions to scientists and managers from Oxford. This visit to one of the...<\/span><\/p><h3><a href=\"https:\/\/lukasiewicz.gov.pl\/en\/lukasiewicz-goes-beyond-rd\/\">\u0141ukasiewicz\u00a0goes beyond R&amp;D<\/a><\/h3><p><span class=\"excerpt_part\">Taiwanese delegation led by Minister Ming-Hsin Kung met with \u0141ukasiewicz&rsquo;s representants in our HQ. Thanks to another fruitful meeting with our Taiwanese partners, our inventions &amp; solutions get closer to...<\/span><\/p><h3><a href=\"https:\/\/lukasiewicz.gov.pl\/en\/krzysztof-tomczuk\/\">Associate Professor Krzysztof Tomczuk<\/a><\/h3><p><span class=\"excerpt_part\">Habilitated doctor of technical sciences, research and didactic employee at the Department of Fundamentals of Engineering and Power Engineering at the Warsaw University of Life Sciences. His interests focus on...<\/span><\/p><h3><a href=\"https:\/\/lukasiewicz.gov.pl\/en\/dr-agnieszka-sznyk\/\">Dr. Agnieszka Sznyk<\/a><\/h3><p><span class=\"excerpt_part\">Agnieszka Sznyk is the President of the Board at INNOWO, the Institute of Innovation and Responsible Development in Warsaw, Poland. She holds a PhD in Life Sciences and is an...<\/span><\/p><h3><a href=\"https:\/\/lukasiewicz.gov.pl\/en\/iwona-szwach-2\/\">Iwona Szwach<\/a><\/h3><p><span class=\"excerpt_part\">She is a graduate of the Faculty of Biology and Environmental Protection of the University of Silesia in Katowice, where she obtained a master&rsquo;s degree in biology, and PhD in...<\/span><\/p><h3><a href=\"https:\/\/lukasiewicz.gov.pl\/en\/prof-ireneusz-majsterek\/\">Prof. Ireneusz Majsterek<\/a><\/h3><p><span class=\"excerpt_part\">He is a professor of medical sciences and head of the Molecular Research Center for Civilization Diseases MOLecoLAB and the Department of Medical Chemistry and Biochemistry at the Medical University...<\/span><\/p><\/div>\t\t<div class=\"elementor-shortcode\"><div class=\"relevanssi-search-results\"><\/div>\n<\/div>\n\t\t\t\t\t\t<\/div>\n\t\t\t\t<\/div>\n\t\t\t\t\t<\/div>\n\t\t<\/div>\n\t\t\t\t\t<\/div>\n\t\t<\/section>\n\t\t\t\t<\/div>\n\t\t","protected":false},"excerpt":{"rendered":"<p>Search Results:<\/p>\n","protected":false},"author":21,"featured_media":0,"parent":0,"menu_order":0,"comment_status":"closed","ping_status":"closed","template":"","meta":{"_acf_changed":false,"_seopress_robots_primary_cat":"","_seopress_titles_title":"","_seopress_titles_desc":"","_seopress_robots_index":"yes","inline_featured_image":false,"footnotes":""},"class_list":["post-44803","page","type-page","status-publish","hentry"],"acf":[],"publishpress_future_action":{"enabled":false,"date":"2026-04-14 10:05:27","action":"change-status","newStatus":"draft","terms":[],"taxonomy":"translation_priority","extraData":[]},"publishpress_future_workflow_manual_trigger":{"enabledWorkflows":[]},"_links":{"self":[{"href":"https:\/\/lukasiewicz.gov.pl\/en\/wp-json\/wp\/v2\/pages\/44803","targetHints":{"allow":["GET"]}}],"collection":[{"href":"https:\/\/lukasiewicz.gov.pl\/en\/wp-json\/wp\/v2\/pages"}],"about":[{"href":"https:\/\/lukasiewicz.gov.pl\/en\/wp-json\/wp\/v2\/types\/page"}],"author":[{"embeddable":true,"href":"https:\/\/lukasiewicz.gov.pl\/en\/wp-json\/wp\/v2\/users\/21"}],"replies":[{"embeddable":true,"href":"https:\/\/lukasiewicz.gov.pl\/en\/wp-json\/wp\/v2\/comments?post=44803"}],"version-history":[{"count":5,"href":"https:\/\/lukasiewicz.gov.pl\/en\/wp-json\/wp\/v2\/pages\/44803\/revisions"}],"predecessor-version":[{"id":64305,"href":"https:\/\/lukasiewicz.gov.pl\/en\/wp-json\/wp\/v2\/pages\/44803\/revisions\/64305"}],"wp:attachment":[{"href":"https:\/\/lukasiewicz.gov.pl\/en\/wp-json\/wp\/v2\/media?parent=44803"}],"curies":[{"name":"wp","href":"https:\/\/api.w.org\/{rel}","templated":true}]}}