{"id":32179,"date":"2022-07-21T12:06:18","date_gmt":"2022-07-21T10:06:18","guid":{"rendered":"https:\/\/lukasiewicz.gov.pl\/institutes\/"},"modified":"2025-07-14T09:40:19","modified_gmt":"2025-07-14T07:40:19","slug":"institutes","status":"publish","type":"page","link":"https:\/\/lukasiewicz.gov.pl\/en\/institutes\/","title":{"rendered":"Institutes"},"content":{"rendered":"\t\t<div data-elementor-type=\"wp-page\" data-elementor-id=\"32179\" class=\"elementor elementor-32179 elementor-21932\" data-elementor-post-type=\"page\">\n\t\t\t\t\t\t<section class=\"elementor-section elementor-top-section elementor-element elementor-element-cebaf23 elementor-section-boxed elementor-section-height-default elementor-section-height-default\" data-id=\"cebaf23\" data-element_type=\"section\" data-e-type=\"section\">\n\t\t\t\t\t\t<div class=\"elementor-container elementor-column-gap-default\">\n\t\t\t\t\t<div class=\"elementor-column elementor-col-25 elementor-top-column elementor-element elementor-element-aaff93c\" data-id=\"aaff93c\" data-element_type=\"column\" data-e-type=\"column\" id=\"menu-map-institutes\">\n\t\t\t<div class=\"elementor-widget-wrap elementor-element-populated\">\n\t\t\t\t\t\t<div class=\"elementor-element elementor-element-81c288e e-transform elementor-widget elementor-widget-heading\" data-id=\"81c288e\" data-element_type=\"widget\" data-e-type=\"widget\" data-settings=\"{&quot;_transform_translateX_effect&quot;:{&quot;unit&quot;:&quot;px&quot;,&quot;size&quot;:&quot;0&quot;,&quot;sizes&quot;:[]},&quot;_transform_translateY_effect&quot;:{&quot;unit&quot;:&quot;px&quot;,&quot;size&quot;:&quot;0&quot;,&quot;sizes&quot;:[]},&quot;_transform_translateX_effect_tablet_extra&quot;:{&quot;unit&quot;:&quot;px&quot;,&quot;size&quot;:&quot;&quot;,&quot;sizes&quot;:[]},&quot;_transform_translateX_effect_tablet&quot;:{&quot;unit&quot;:&quot;px&quot;,&quot;size&quot;:&quot;&quot;,&quot;sizes&quot;:[]},&quot;_transform_translateX_effect_mobile_extra&quot;:{&quot;unit&quot;:&quot;px&quot;,&quot;size&quot;:&quot;&quot;,&quot;sizes&quot;:[]},&quot;_transform_translateX_effect_mobile&quot;:{&quot;unit&quot;:&quot;px&quot;,&quot;size&quot;:&quot;&quot;,&quot;sizes&quot;:[]},&quot;_transform_translateY_effect_tablet_extra&quot;:{&quot;unit&quot;:&quot;px&quot;,&quot;size&quot;:&quot;&quot;,&quot;sizes&quot;:[]},&quot;_transform_translateY_effect_tablet&quot;:{&quot;unit&quot;:&quot;px&quot;,&quot;size&quot;:&quot;&quot;,&quot;sizes&quot;:[]},&quot;_transform_translateY_effect_mobile_extra&quot;:{&quot;unit&quot;:&quot;px&quot;,&quot;size&quot;:&quot;&quot;,&quot;sizes&quot;:[]},&quot;_transform_translateY_effect_mobile&quot;:{&quot;unit&quot;:&quot;px&quot;,&quot;size&quot;:&quot;&quot;,&quot;sizes&quot;:[]}}\" data-widget_type=\"heading.default\">\n\t\t\t\t<div class=\"elementor-widget-container\">\n\t\t\t\t\t<h2 class=\"elementor-heading-title elementor-size-default\">22 INSTITUTES<\/h2>\t\t\t\t<\/div>\n\t\t\t\t<\/div>\n\t\t\t\t<div class=\"elementor-element elementor-element-f6d2881 elementor-widget elementor-widget-heading\" data-id=\"f6d2881\" data-element_type=\"widget\" data-e-type=\"widget\" data-widget_type=\"heading.default\">\n\t\t\t\t<div class=\"elementor-widget-container\">\n\t\t\t\t\t<h2 class=\"elementor-heading-title elementor-size-default\">ACROSS POLAND<\/h2>\t\t\t\t<\/div>\n\t\t\t\t<\/div>\n\t\t\t\t<div class=\"elementor-element elementor-element-85dc46e elementor-widget elementor-widget-image\" data-id=\"85dc46e\" data-element_type=\"widget\" data-e-type=\"widget\" data-widget_type=\"image.default\">\n\t\t\t\t<div class=\"elementor-widget-container\">\n\t\t\t\t\t\t\t\t\t\t\t\t\t\t\t<img fetchpriority=\"high\" decoding=\"async\" width=\"580\" height=\"580\" src=\"https:\/\/lukasiewicz.gov.pl\/wp-content\/uploads\/2022\/08\/mapa_instytuty.svg\" class=\"attachment-large size-large wp-image-27864\" alt=\"\" \/>\t\t\t\t\t\t\t\t\t\t\t\t\t\t\t<\/div>\n\t\t\t\t<\/div>\n\t\t\t\t\t<\/div>\n\t\t<\/div>\n\t\t\t\t<div class=\"elementor-column elementor-col-25 elementor-top-column elementor-element elementor-element-c91ee1d\" data-id=\"c91ee1d\" data-element_type=\"column\" data-e-type=\"column\">\n\t\t\t<div class=\"elementor-widget-wrap elementor-element-populated\">\n\t\t\t\t\t\t<div class=\"elementor-element elementor-element-971ff26 elementor-widget elementor-widget-text-editor\" data-id=\"971ff26\" data-element_type=\"widget\" data-e-type=\"widget\" data-widget_type=\"text-editor.default\">\n\t\t\t\t<div class=\"elementor-widget-container\">\n\t\t\t\t\t\t\t\t\t<p>MASOVIA<\/p>\t\t\t\t\t\t\t\t<\/div>\n\t\t\t\t<\/div>\n\t\t\t\t<div class=\"elementor-element elementor-element-76e0a06 e-transform elementor-widget elementor-widget-text-editor\" data-id=\"76e0a06\" data-element_type=\"widget\" data-e-type=\"widget\" data-settings=\"{&quot;_transform_translateY_effect_mobile&quot;:{&quot;unit&quot;:&quot;px&quot;,&quot;size&quot;:&quot;0&quot;,&quot;sizes&quot;:[]},&quot;_transform_translateX_effect&quot;:{&quot;unit&quot;:&quot;px&quot;,&quot;size&quot;:&quot;&quot;,&quot;sizes&quot;:[]},&quot;_transform_translateX_effect_tablet_extra&quot;:{&quot;unit&quot;:&quot;px&quot;,&quot;size&quot;:&quot;&quot;,&quot;sizes&quot;:[]},&quot;_transform_translateX_effect_tablet&quot;:{&quot;unit&quot;:&quot;px&quot;,&quot;size&quot;:&quot;&quot;,&quot;sizes&quot;:[]},&quot;_transform_translateX_effect_mobile_extra&quot;:{&quot;unit&quot;:&quot;px&quot;,&quot;size&quot;:&quot;&quot;,&quot;sizes&quot;:[]},&quot;_transform_translateX_effect_mobile&quot;:{&quot;unit&quot;:&quot;px&quot;,&quot;size&quot;:&quot;&quot;,&quot;sizes&quot;:[]},&quot;_transform_translateY_effect&quot;:{&quot;unit&quot;:&quot;px&quot;,&quot;size&quot;:&quot;&quot;,&quot;sizes&quot;:[]},&quot;_transform_translateY_effect_tablet_extra&quot;:{&quot;unit&quot;:&quot;px&quot;,&quot;size&quot;:&quot;&quot;,&quot;sizes&quot;:[]},&quot;_transform_translateY_effect_tablet&quot;:{&quot;unit&quot;:&quot;px&quot;,&quot;size&quot;:&quot;&quot;,&quot;sizes&quot;:[]},&quot;_transform_translateY_effect_mobile_extra&quot;:{&quot;unit&quot;:&quot;px&quot;,&quot;size&quot;:&quot;&quot;,&quot;sizes&quot;:[]}}\" data-widget_type=\"text-editor.default\">\n\t\t\t\t<div class=\"elementor-widget-container\">\n\t\t\t\t\t\t\t\t\t<ul class=\"list-unstyled\">\n \t<li class=\"pb-2\"><a href=\"https:\/\/lukasiewicz.gov.pl\/en\/\" target=\"_blank\" rel=\"noopener\">\u0141ukasiewicz Centre<\/a><\/li>\n \t<li class=\"pb-2\"><a href=\"https:\/\/ichp.lukasiewicz.gov.pl\/en\/\" target=\"_blank\" rel=\"noopener\">\u0141ukasiewicz \u2013 Industrial Chemistry Institute<\/a><\/li>\n \t<li class=\"pb-2\"><a href=\"https:\/\/iel.lukasiewicz.gov.pl\/en\/\" target=\"_blank\" rel=\"noopener\">\u0141ukasiewicz \u2013 Institute of Electrical Engineering<\/a><\/li>\n \t<li class=\"pb-2\"><a href=\"https:\/\/ilot.lukasiewicz.gov.pl\/en\/\" target=\"_blank\" rel=\"noopener\">\u0141ukasiewicz \u2013 Institute of Aviation<\/a><\/li>\n \t<li class=\"pb-2\"><a href=\"https:\/\/itech.lukasiewicz.gov.pl\/en\/\" target=\"_blank\" rel=\"noopener\">\u0141ukasiewicz \u2013 ITECH Institute of Innovation and Technology<\/a><\/li>\n \t<li class=\"pb-2\"><a href=\"https:\/\/ipo.lukasiewicz.gov.pl\/en\/\" target=\"_blank\" rel=\"noopener\">\u0141ukasiewicz \u2013 Institute of Industrial Organic Chemistry<\/a><\/li>\n \t<li class=\"pb-2\"><a href=\"https:\/\/www.itee.lukasiewicz.gov.pl\/en\/\" target=\"_blank\" rel=\"noopener\">\u0141ukasiewicz \u2013 Institute for Sustainable Technologies<\/a><\/li>\n \t<li class=\"pb-2\"><a href=\"https:\/\/imif.lukasiewicz.gov.pl\/en\/\" target=\"_blank\" rel=\"noopener\">\u0141ukasiewicz \u2013 Institute of Microelectronics and Photonics<\/a><\/li>\n \t<li><a href=\"https:\/\/itr.lukasiewicz.gov.pl\/en\/\" target=\"_blank\" rel=\"noopener\">\u0141ukasiewicz \u2013 Tele and Radio Research Institute<\/a><\/li>\n \t<li><a href=\"https:\/\/wit.lukasiewicz.gov.pl\/en\">\u0141ukasiewicz &#8211; Warsaw Institute of Technology<\/a><\/li>\n<\/ul>\t\t\t\t\t\t\t\t<\/div>\n\t\t\t\t<\/div>\n\t\t\t\t\t<\/div>\n\t\t<\/div>\n\t\t\t\t<div class=\"elementor-column elementor-col-25 elementor-top-column elementor-element elementor-element-bd75ab4\" data-id=\"bd75ab4\" data-element_type=\"column\" data-e-type=\"column\">\n\t\t\t<div class=\"elementor-widget-wrap elementor-element-populated\">\n\t\t\t\t\t\t<div class=\"elementor-element elementor-element-782c4d4 e-transform elementor-widget elementor-widget-text-editor\" data-id=\"782c4d4\" data-element_type=\"widget\" data-e-type=\"widget\" data-settings=\"{&quot;_transform_translateY_effect_mobile&quot;:{&quot;unit&quot;:&quot;px&quot;,&quot;size&quot;:&quot;-30&quot;,&quot;sizes&quot;:[]},&quot;_transform_translateX_effect&quot;:{&quot;unit&quot;:&quot;px&quot;,&quot;size&quot;:&quot;&quot;,&quot;sizes&quot;:[]},&quot;_transform_translateX_effect_tablet_extra&quot;:{&quot;unit&quot;:&quot;px&quot;,&quot;size&quot;:&quot;&quot;,&quot;sizes&quot;:[]},&quot;_transform_translateX_effect_tablet&quot;:{&quot;unit&quot;:&quot;px&quot;,&quot;size&quot;:&quot;&quot;,&quot;sizes&quot;:[]},&quot;_transform_translateX_effect_mobile_extra&quot;:{&quot;unit&quot;:&quot;px&quot;,&quot;size&quot;:&quot;&quot;,&quot;sizes&quot;:[]},&quot;_transform_translateX_effect_mobile&quot;:{&quot;unit&quot;:&quot;px&quot;,&quot;size&quot;:&quot;&quot;,&quot;sizes&quot;:[]},&quot;_transform_translateY_effect&quot;:{&quot;unit&quot;:&quot;px&quot;,&quot;size&quot;:&quot;&quot;,&quot;sizes&quot;:[]},&quot;_transform_translateY_effect_tablet_extra&quot;:{&quot;unit&quot;:&quot;px&quot;,&quot;size&quot;:&quot;&quot;,&quot;sizes&quot;:[]},&quot;_transform_translateY_effect_tablet&quot;:{&quot;unit&quot;:&quot;px&quot;,&quot;size&quot;:&quot;&quot;,&quot;sizes&quot;:[]},&quot;_transform_translateY_effect_mobile_extra&quot;:{&quot;unit&quot;:&quot;px&quot;,&quot;size&quot;:&quot;&quot;,&quot;sizes&quot;:[]}}\" data-widget_type=\"text-editor.default\">\n\t\t\t\t<div class=\"elementor-widget-container\">\n\t\t\t\t\t\t\t\t\t<ul class=\"list-unstyled\"><li class=\"pb-2\"><a href=\"https:\/\/piap.lukasiewicz.gov.pl\/en\/\" target=\"_blank\" rel=\"noopener\">\u0141ukasiewicz \u2013 Industrial Research Institute for Automation and Measurements PIAP<\/a><\/li><li class=\"pb-2\"><a href=\"https:\/\/pimot.lukasiewicz.gov.pl\/en\/\" target=\"_blank\" rel=\"noopener\">\u0141ukasiewicz \u2013 Automotive Industry Institute<\/a><\/li><\/ul>\t\t\t\t\t\t\t\t<\/div>\n\t\t\t\t<\/div>\n\t\t\t\t<div class=\"elementor-element elementor-element-ea4bdac elementor-widget elementor-widget-text-editor\" data-id=\"ea4bdac\" data-element_type=\"widget\" data-e-type=\"widget\" data-widget_type=\"text-editor.default\">\n\t\t\t\t<div class=\"elementor-widget-container\">\n\t\t\t\t\t\t\t\t\t<h3>GREATER POLAND<\/h3>\t\t\t\t\t\t\t\t<\/div>\n\t\t\t\t<\/div>\n\t\t\t\t<div class=\"elementor-element elementor-element-b9da610 elementor-widget elementor-widget-text-editor\" data-id=\"b9da610\" data-element_type=\"widget\" data-e-type=\"widget\" data-widget_type=\"text-editor.default\">\n\t\t\t\t<div class=\"elementor-widget-container\">\n\t\t\t\t\t\t\t\t\t<ul class=\"list-unstyled\"><li class=\"pb-2\"><a href=\"https:\/\/pit.lukasiewicz.gov.pl\/en\/\" target=\"_blank\" rel=\"noopener\">\u0141ukasiewicz \u2013 Pozna\u0144 Institute of Technology<\/a><\/li><\/ul>\t\t\t\t\t\t\t\t<\/div>\n\t\t\t\t<\/div>\n\t\t\t\t<div class=\"elementor-element elementor-element-7dcfe43 elementor-widget elementor-widget-text-editor\" data-id=\"7dcfe43\" data-element_type=\"widget\" data-e-type=\"widget\" data-widget_type=\"text-editor.default\">\n\t\t\t\t<div class=\"elementor-widget-container\">\n\t\t\t\t\t\t\t\t\t<h3>LODZKIE<\/h3>\t\t\t\t\t\t\t\t<\/div>\n\t\t\t\t<\/div>\n\t\t\t\t<div class=\"elementor-element elementor-element-1dea646 elementor-widget elementor-widget-text-editor\" data-id=\"1dea646\" data-element_type=\"widget\" data-e-type=\"widget\" data-widget_type=\"text-editor.default\">\n\t\t\t\t<div class=\"elementor-widget-container\">\n\t\t\t\t\t\t\t\t\t<ul class=\"list-unstyled\">\n \t<li class=\"pb-2\"><a href=\"https:\/\/lit.lukasiewicz.gov.pl\" target=\"_blank\" rel=\"noopener\">\u0141ukasiewicz \u2013 \u0141\u00f3d\u017a Institute of Technology<\/a><\/li>\n<\/ul>\t\t\t\t\t\t\t\t<\/div>\n\t\t\t\t<\/div>\n\t\t\t\t<div class=\"elementor-element elementor-element-9282230 elementor-widget elementor-widget-text-editor\" data-id=\"9282230\" data-element_type=\"widget\" data-e-type=\"widget\" data-widget_type=\"text-editor.default\">\n\t\t\t\t<div class=\"elementor-widget-container\">\n\t\t\t\t\t\t\t\t\t<h3>KUYAVIA-POMERANIA<\/h3>\t\t\t\t\t\t\t\t<\/div>\n\t\t\t\t<\/div>\n\t\t\t\t<div class=\"elementor-element elementor-element-6fab854 elementor-widget elementor-widget-text-editor\" data-id=\"6fab854\" data-element_type=\"widget\" data-e-type=\"widget\" data-widget_type=\"text-editor.default\">\n\t\t\t\t<div class=\"elementor-widget-container\">\n\t\t\t\t\t\t\t\t\t<ul class=\"list-unstyled\"><li class=\"pb-2\"><a href=\"https:\/\/impib.lukasiewicz.gov.pl\/en\/\" target=\"_blank\" rel=\"noopener\">\u0141ukasiewicz \u2013 Institute for Engineering of Polymer Materials and Dyes<\/a><\/li><\/ul>\t\t\t\t\t\t\t\t<\/div>\n\t\t\t\t<\/div>\n\t\t\t\t<div class=\"elementor-element elementor-element-19764f1 elementor-widget elementor-widget-text-editor\" data-id=\"19764f1\" data-element_type=\"widget\" data-e-type=\"widget\" data-widget_type=\"text-editor.default\">\n\t\t\t\t<div class=\"elementor-widget-container\">\n\t\t\t\t\t\t\t\t\t<h3>LUBLIN<\/h3>\t\t\t\t\t\t\t\t<\/div>\n\t\t\t\t<\/div>\n\t\t\t\t<div class=\"elementor-element elementor-element-a5aa558 elementor-widget elementor-widget-text-editor\" data-id=\"a5aa558\" data-element_type=\"widget\" data-e-type=\"widget\" data-widget_type=\"text-editor.default\">\n\t\t\t\t<div class=\"elementor-widget-container\">\n\t\t\t\t\t\t\t\t\t<ul class=\"list-unstyled\"><li><a href=\"https:\/\/ins.pulawy.pl\/index.php\/en\/\" target=\"_blank\" rel=\"noopener\">\u0141ukasiewicz \u2013 New Chemical Syntheses Institute<\/a><\/li><\/ul>\t\t\t\t\t\t\t\t<\/div>\n\t\t\t\t<\/div>\n\t\t\t\t\t<\/div>\n\t\t<\/div>\n\t\t\t\t<div class=\"elementor-column elementor-col-25 elementor-top-column elementor-element elementor-element-846b09a\" data-id=\"846b09a\" data-element_type=\"column\" data-e-type=\"column\">\n\t\t\t<div class=\"elementor-widget-wrap elementor-element-populated\">\n\t\t\t\t\t\t<div class=\"elementor-element elementor-element-c09fc0f elementor-widget elementor-widget-text-editor\" data-id=\"c09fc0f\" data-element_type=\"widget\" data-e-type=\"widget\" data-widget_type=\"text-editor.default\">\n\t\t\t\t<div class=\"elementor-widget-container\">\n\t\t\t\t\t\t\t\t\t<h3>LOWER SILESIA<\/h3>\t\t\t\t\t\t\t\t<\/div>\n\t\t\t\t<\/div>\n\t\t\t\t<div class=\"elementor-element elementor-element-686d2c0 elementor-widget elementor-widget-text-editor\" data-id=\"686d2c0\" data-element_type=\"widget\" data-e-type=\"widget\" data-widget_type=\"text-editor.default\">\n\t\t\t\t<div class=\"elementor-widget-container\">\n\t\t\t\t\t\t\t\t\t<ul class=\"list-unstyled\"><li class=\"pb-2\"><a href=\"https:\/\/port.lukasiewicz.gov.pl\/en\/\" target=\"_blank\" rel=\"noopener\">\u0141ukasiewicz \u2013 PORT Polish Center for Technology Development<\/a><\/li><\/ul>\t\t\t\t\t\t\t\t<\/div>\n\t\t\t\t<\/div>\n\t\t\t\t<div class=\"elementor-element elementor-element-3572e18 elementor-widget elementor-widget-text-editor\" data-id=\"3572e18\" data-element_type=\"widget\" data-e-type=\"widget\" data-widget_type=\"text-editor.default\">\n\t\t\t\t<div class=\"elementor-widget-container\">\n\t\t\t\t\t\t\t\t\t<h3>OPOLSKIE<\/h3>\t\t\t\t\t\t\t\t<\/div>\n\t\t\t\t<\/div>\n\t\t\t\t<div class=\"elementor-element elementor-element-18d2280 elementor-widget elementor-widget-text-editor\" data-id=\"18d2280\" data-element_type=\"widget\" data-e-type=\"widget\" data-widget_type=\"text-editor.default\">\n\t\t\t\t<div class=\"elementor-widget-container\">\n\t\t\t\t\t\t\t\t\t<ul class=\"list-unstyled\"><li class=\"pb-2\"><a href=\"https:\/\/icso.lukasiewicz.gov.pl\/en\/\" target=\"_blank\" rel=\"noopener\">\u0141ukasiewicz \u2013 Institute of Heavy Organic Synthesis \u201cBlachownia\u201d<\/a><\/li><\/ul>\t\t\t\t\t\t\t\t<\/div>\n\t\t\t\t<\/div>\n\t\t\t\t<div class=\"elementor-element elementor-element-5a1da47 elementor-widget elementor-widget-text-editor\" data-id=\"5a1da47\" data-element_type=\"widget\" data-e-type=\"widget\" data-widget_type=\"text-editor.default\">\n\t\t\t\t<div class=\"elementor-widget-container\">\n\t\t\t\t\t\t\t\t\t<h3>UPPER SILESIA<\/h3>\t\t\t\t\t\t\t\t<\/div>\n\t\t\t\t<\/div>\n\t\t\t\t<div class=\"elementor-element elementor-element-c303c1d elementor-widget elementor-widget-text-editor\" data-id=\"c303c1d\" data-element_type=\"widget\" data-e-type=\"widget\" data-widget_type=\"text-editor.default\">\n\t\t\t\t<div class=\"elementor-widget-container\">\n\t\t\t\t\t\t\t\t\t<ul class=\"list-unstyled\"><li class=\"pb-2\"><a href=\"https:\/\/imn.lukasiewicz.gov.pl\/en\/\" target=\"_blank\" rel=\"noopener\">\u0141ukasiewicz \u2013 Institute of Non-Ferrous Metals<\/a><\/li><li><a href=\"https:\/\/emag.lukasiewicz.gov.pl\/en\/\" target=\"_blank\" rel=\"noopener\">\u0141ukasiewicz \u2013 Institute of Artificial Intelligence and Cybersecurity<\/a><\/li><li><a href=\"https:\/\/git.lukasiewicz.gov.pl\/en\/\">\u0141ukasiewicz &#8211; <span class=\"ui-provider uq b c d e f g h i j k l m n o p q r s t u v w x y z ab ac ae af ag ah ai aj ak\" dir=\"ltr\">Upper Silesian Institute of Technology<\/span><\/a><\/li><\/ul>\t\t\t\t\t\t\t\t<\/div>\n\t\t\t\t<\/div>\n\t\t\t\t<div class=\"elementor-element elementor-element-0b33544 elementor-widget elementor-widget-text-editor\" data-id=\"0b33544\" data-element_type=\"widget\" data-e-type=\"widget\" data-widget_type=\"text-editor.default\">\n\t\t\t\t<div class=\"elementor-widget-container\">\n\t\t\t\t\t\t\t\t\t<h3>LESSER POLAND<\/h3>\t\t\t\t\t\t\t\t<\/div>\n\t\t\t\t<\/div>\n\t\t\t\t<div class=\"elementor-element elementor-element-5fcde51 elementor-widget elementor-widget-text-editor\" data-id=\"5fcde51\" data-element_type=\"widget\" data-e-type=\"widget\" data-widget_type=\"text-editor.default\">\n\t\t\t\t<div class=\"elementor-widget-container\">\n\t\t\t\t\t\t\t\t\t<ul class=\"list-unstyled\">\n \t<li class=\"pb-2\"><a href=\"https:\/\/kit.lukasiewicz.gov.pl\/en\/\" target=\"_blank\" rel=\"noopener\">\u0141ukasiewicz \u2013 Krak\u00f3w Institute of Technology<\/a><\/li>\n \t<li class=\"pb-2\"><a href=\"https:\/\/icimb.lukasiewicz.gov.pl\/EN\" target=\"_blank\" rel=\"noopener\">\u0141ukasiewicz \u2013 Institute of Ceramics and Building Materials<\/a><\/li>\n<\/ul>\t\t\t\t\t\t\t\t<\/div>\n\t\t\t\t<\/div>\n\t\t\t\t\t<\/div>\n\t\t<\/div>\n\t\t\t\t\t<\/div>\n\t\t<\/section>\n\t\t\t\t<section class=\"elementor-section elementor-top-section elementor-element elementor-element-48a5ed4b elementor-section-boxed elementor-section-height-default elementor-section-height-default\" data-id=\"48a5ed4b\" data-element_type=\"section\" data-e-type=\"section\">\n\t\t\t\t\t\t<div class=\"elementor-container elementor-column-gap-default\">\n\t\t\t\t\t<div class=\"elementor-column elementor-col-100 elementor-top-column elementor-element elementor-element-53819a25\" data-id=\"53819a25\" data-element_type=\"column\" data-e-type=\"column\">\n\t\t\t<div class=\"elementor-widget-wrap elementor-element-populated\">\n\t\t\t\t\t\t<div class=\"elementor-element elementor-element-60ff480 elementor-align-center elementor-widget elementor-widget-button\" data-id=\"60ff480\" data-element_type=\"widget\" data-e-type=\"widget\" id=\"button_sq02\" data-widget_type=\"button.default\">\n\t\t\t\t<div class=\"elementor-widget-container\">\n\t\t\t\t\t\t\t\t\t<div class=\"elementor-button-wrapper\">\n\t\t\t\t\t<a class=\"elementor-button elementor-button-link elementor-size-sm\" href=\"\/en\/directors-of-lukasiewicz-institutes-en\">\n\t\t\t\t\t\t<span class=\"elementor-button-content-wrapper\">\n\t\t\t\t\t\t<span class=\"elementor-button-icon\">\n\t\t\t\t<svg xmlns=\"http:\/\/www.w3.org\/2000\/svg\" width=\"29\" height=\"9\" viewBox=\"0 0 29 9\" fill=\"none\"><path d=\"M1 4C0.723858 4 0.5 4.22386 0.5 4.5C0.5 4.77614 0.723858 5 1 5L1 4ZM28.3536 4.85356C28.5488 4.65829 28.5488 4.34171 28.3536 4.14645L25.1716 0.964468C24.9763 0.769206 24.6597 0.769206 24.4645 0.964468C24.2692 1.15973 24.2692 1.47631 24.4645 1.67157L27.2929 4.5L24.4645 7.32843C24.2692 7.52369 24.2692 7.84027 24.4645 8.03554C24.6597 8.2308 24.9763 8.2308 25.1716 8.03554L28.3536 4.85356ZM1 5L28 5L28 4L1 4L1 5Z\" fill=\"#030014\"><\/path><\/svg>\t\t\t<\/span>\n\t\t\t\t\t\t\t\t\t<span class=\"elementor-button-text\">Directors of institutes<\/span>\n\t\t\t\t\t<\/span>\n\t\t\t\t\t<\/a>\n\t\t\t\t<\/div>\n\t\t\t\t\t\t\t\t<\/div>\n\t\t\t\t<\/div>\n\t\t\t\t\t<\/div>\n\t\t<\/div>\n\t\t\t\t\t<\/div>\n\t\t<\/section>\n\t\t\t\t<\/div>\n\t\t","protected":false},"excerpt":{"rendered":"<p>22 INSTITUTES ACROSS POLAND MASOVIA \u0141ukasiewicz Centre \u0141ukasiewicz \u2013 Industrial Chemistry Institute \u0141ukasiewicz \u2013 Institute of Electrical Engineering \u0141ukasiewicz \u2013 Institute of Aviation \u0141ukasiewicz \u2013 ITECH Institute of Innovation and Technology \u0141ukasiewicz \u2013 Institute of Industrial Organic Chemistry \u0141ukasiewicz \u2013 Institute for Sustainable Technologies \u0141ukasiewicz \u2013 Institute of Microelectronics and Photonics \u0141ukasiewicz \u2013 Tele and [&hellip;]<\/p>\n","protected":false},"author":1,"featured_media":0,"parent":0,"menu_order":0,"comment_status":"closed","ping_status":"closed","template":"","meta":{"_acf_changed":false,"_seopress_robots_primary_cat":"","_seopress_titles_title":"Institutes \u2013 \u0141ukasiewicz Research Network","_seopress_titles_desc":"\u0141ukasiewicz Research Network contains 26 institutes across Poland","_seopress_robots_index":"","inline_featured_image":false,"footnotes":""},"class_list":["post-32179","page","type-page","status-publish","hentry"],"acf":[],"publishpress_future_action":{"enabled":false,"date":"2026-04-22 01:31:35","action":"change-status","newStatus":"draft","terms":[],"taxonomy":"translation_priority","extraData":[]},"publishpress_future_workflow_manual_trigger":{"enabledWorkflows":[]},"_links":{"self":[{"href":"https:\/\/lukasiewicz.gov.pl\/en\/wp-json\/wp\/v2\/pages\/32179","targetHints":{"allow":["GET"]}}],"collection":[{"href":"https:\/\/lukasiewicz.gov.pl\/en\/wp-json\/wp\/v2\/pages"}],"about":[{"href":"https:\/\/lukasiewicz.gov.pl\/en\/wp-json\/wp\/v2\/types\/page"}],"author":[{"embeddable":true,"href":"https:\/\/lukasiewicz.gov.pl\/en\/wp-json\/wp\/v2\/users\/1"}],"replies":[{"embeddable":true,"href":"https:\/\/lukasiewicz.gov.pl\/en\/wp-json\/wp\/v2\/comments?post=32179"}],"version-history":[{"count":5,"href":"https:\/\/lukasiewicz.gov.pl\/en\/wp-json\/wp\/v2\/pages\/32179\/revisions"}],"predecessor-version":[{"id":66876,"href":"https:\/\/lukasiewicz.gov.pl\/en\/wp-json\/wp\/v2\/pages\/32179\/revisions\/66876"}],"wp:attachment":[{"href":"https:\/\/lukasiewicz.gov.pl\/en\/wp-json\/wp\/v2\/media?parent=32179"}],"curies":[{"name":"wp","href":"https:\/\/api.w.org\/{rel}","templated":true}]}}