{"id":32158,"date":"2022-07-28T09:52:21","date_gmt":"2022-07-28T07:52:21","guid":{"rendered":"https:\/\/lukasiewicz.gov.pl\/council-and-board-of-advisors\/"},"modified":"2025-07-18T11:51:54","modified_gmt":"2025-07-18T09:51:54","slug":"council-and-board-of-advisors","status":"publish","type":"page","link":"https:\/\/lukasiewicz.gov.pl\/en\/council-and-board-of-advisors\/","title":{"rendered":"Council and College of Advisors"},"content":{"rendered":"\t\t<div data-elementor-type=\"wp-page\" data-elementor-id=\"32158\" class=\"elementor elementor-32158 elementor-23548\" data-elementor-post-type=\"page\">\n\t\t\t\t\t\t<section class=\"elementor-section elementor-top-section elementor-element elementor-element-119c430 elementor-section-boxed elementor-section-height-default elementor-section-height-default\" data-id=\"119c430\" data-element_type=\"section\" data-e-type=\"section\">\n\t\t\t\t\t\t<div class=\"elementor-container elementor-column-gap-default\">\n\t\t\t\t\t<div class=\"elementor-column elementor-col-100 elementor-top-column elementor-element elementor-element-35cdcf4\" data-id=\"35cdcf4\" data-element_type=\"column\" data-e-type=\"column\">\n\t\t\t<div class=\"elementor-widget-wrap elementor-element-populated\">\n\t\t\t\t\t\t<div class=\"elementor-element elementor-element-c26992f elementor-widget elementor-widget-heading\" data-id=\"c26992f\" data-element_type=\"widget\" data-e-type=\"widget\" data-widget_type=\"heading.default\">\n\t\t\t\t<div class=\"elementor-widget-container\">\n\t\t\t\t\t<p class=\"elementor-heading-title elementor-size-small\">Council and College of Advisors<\/p>\t\t\t\t<\/div>\n\t\t\t\t<\/div>\n\t\t\t\t<section class=\"elementor-section elementor-inner-section elementor-element elementor-element-3e16c10 elementor-section-boxed elementor-section-height-default elementor-section-height-default\" data-id=\"3e16c10\" data-element_type=\"section\" data-e-type=\"section\">\n\t\t\t\t\t\t<div class=\"elementor-container elementor-column-gap-default\">\n\t\t\t\t\t<div class=\"elementor-column elementor-col-100 elementor-inner-column elementor-element elementor-element-4d224ae\" data-id=\"4d224ae\" data-element_type=\"column\" data-e-type=\"column\">\n\t\t\t<div class=\"elementor-widget-wrap elementor-element-populated\">\n\t\t\t\t\t\t<div class=\"elementor-element elementor-element-798f96c elementor-widget elementor-widget-heading\" data-id=\"798f96c\" data-element_type=\"widget\" data-e-type=\"widget\" data-widget_type=\"heading.default\">\n\t\t\t\t<div class=\"elementor-widget-container\">\n\t\t\t\t\t<h2 class=\"elementor-heading-title elementor-size-default\">\u0141ukasiewicz Center Council<\/h2>\t\t\t\t<\/div>\n\t\t\t\t<\/div>\n\t\t\t\t\t<\/div>\n\t\t<\/div>\n\t\t\t\t\t<\/div>\n\t\t<\/section>\n\t\t\t\t<section class=\"elementor-section elementor-inner-section elementor-element elementor-element-d8afb88 elementor-section-boxed elementor-section-height-default elementor-section-height-default\" data-id=\"d8afb88\" data-element_type=\"section\" data-e-type=\"section\">\n\t\t\t\t\t\t<div class=\"elementor-container elementor-column-gap-default\">\n\t\t\t\t\t<div class=\"elementor-column elementor-col-33 elementor-inner-column elementor-element elementor-element-9d11499\" data-id=\"9d11499\" data-element_type=\"column\" data-e-type=\"column\">\n\t\t\t<div class=\"elementor-widget-wrap elementor-element-populated\">\n\t\t\t\t\t\t<div class=\"elementor-element elementor-element-a749952 elementor-widget elementor-widget-image\" data-id=\"a749952\" data-element_type=\"widget\" data-e-type=\"widget\" data-widget_type=\"image.default\">\n\t\t\t\t<div class=\"elementor-widget-container\">\n\t\t\t\t\t\t\t\t\t\t\t\t\t\t\t<img fetchpriority=\"high\" decoding=\"async\" width=\"580\" height=\"580\" src=\"https:\/\/lukasiewicz.gov.pl\/wp-content\/uploads\/2024\/03\/Maria-Mrowczynska.webp\" class=\"attachment-large size-large wp-image-55690\" alt=\"Maria Mr\u00f3wczy\u0144ska\" srcset=\"https:\/\/lukasiewicz.gov.pl\/wp-content\/uploads\/2024\/03\/Maria-Mrowczynska.webp 594w, https:\/\/lukasiewicz.gov.pl\/wp-content\/uploads\/2024\/03\/Maria-Mrowczynska-300x300.webp 300w, https:\/\/lukasiewicz.gov.pl\/wp-content\/uploads\/2024\/03\/Maria-Mrowczynska-150x150.webp 150w\" sizes=\"(max-width: 580px) 100vw, 580px\" \/>\t\t\t\t\t\t\t\t\t\t\t\t\t\t\t<\/div>\n\t\t\t\t<\/div>\n\t\t\t\t<div class=\"elementor-element elementor-element-afe0828 elementor-widget elementor-widget-text-editor\" data-id=\"afe0828\" data-element_type=\"widget\" data-e-type=\"widget\" data-widget_type=\"text-editor.default\">\n\t\t\t\t<div class=\"elementor-widget-container\">\n\t\t\t\t\t\t\t\t\t<p><strong>Maria Mr\u00f3wczy\u0144ska<\/strong><\/p><p>Chair of the Council, Undersecretary of State at the Ministry of Science and Higher Education<\/p>\t\t\t\t\t\t\t\t<\/div>\n\t\t\t\t<\/div>\n\t\t\t\t\t<\/div>\n\t\t<\/div>\n\t\t\t\t<div class=\"elementor-column elementor-col-33 elementor-inner-column elementor-element elementor-element-11d03e2\" data-id=\"11d03e2\" data-element_type=\"column\" data-e-type=\"column\">\n\t\t\t<div class=\"elementor-widget-wrap elementor-element-populated\">\n\t\t\t\t\t\t<div class=\"elementor-element elementor-element-b9a0000 elementor-widget elementor-widget-image\" data-id=\"b9a0000\" data-element_type=\"widget\" data-e-type=\"widget\" data-widget_type=\"image.default\">\n\t\t\t\t<div class=\"elementor-widget-container\">\n\t\t\t\t\t\t\t\t\t\t\t\t\t\t\t<img decoding=\"async\" width=\"580\" height=\"580\" src=\"https:\/\/lukasiewicz.gov.pl\/wp-content\/uploads\/2025\/03\/Marek-Gzik.png\" class=\"attachment-large size-large wp-image-64809\" alt=\"Marek Gzik, portret\" srcset=\"https:\/\/lukasiewicz.gov.pl\/wp-content\/uploads\/2025\/03\/Marek-Gzik.png 616w, https:\/\/lukasiewicz.gov.pl\/wp-content\/uploads\/2025\/03\/Marek-Gzik-300x300.png 300w, https:\/\/lukasiewicz.gov.pl\/wp-content\/uploads\/2025\/03\/Marek-Gzik-150x150.png 150w, https:\/\/lukasiewicz.gov.pl\/wp-content\/uploads\/2025\/03\/Marek-Gzik-24x24.png 24w, https:\/\/lukasiewicz.gov.pl\/wp-content\/uploads\/2025\/03\/Marek-Gzik-36x36.png 36w, https:\/\/lukasiewicz.gov.pl\/wp-content\/uploads\/2025\/03\/Marek-Gzik-48x48.png 48w\" sizes=\"(max-width: 580px) 100vw, 580px\" \/>\t\t\t\t\t\t\t\t\t\t\t\t\t\t\t<\/div>\n\t\t\t\t<\/div>\n\t\t\t\t<div class=\"elementor-element elementor-element-961f14b elementor-widget elementor-widget-text-editor\" data-id=\"961f14b\" data-element_type=\"widget\" data-e-type=\"widget\" data-widget_type=\"text-editor.default\">\n\t\t\t\t<div class=\"elementor-widget-container\">\n\t\t\t\t\t\t\t\t\t<p><strong>Marek Gzik<\/strong><\/p><p>Member of the Council, Secretary of State at the Ministry of Science and Higher Education<\/p>\t\t\t\t\t\t\t\t<\/div>\n\t\t\t\t<\/div>\n\t\t\t\t\t<\/div>\n\t\t<\/div>\n\t\t\t\t<div class=\"elementor-column elementor-col-33 elementor-inner-column elementor-element elementor-element-e370da4\" data-id=\"e370da4\" data-element_type=\"column\" data-e-type=\"column\">\n\t\t\t<div class=\"elementor-widget-wrap elementor-element-populated\">\n\t\t\t\t\t\t<div class=\"elementor-element elementor-element-1ebb0cd elementor-widget elementor-widget-image\" data-id=\"1ebb0cd\" data-element_type=\"widget\" data-e-type=\"widget\" data-widget_type=\"image.default\">\n\t\t\t\t<div class=\"elementor-widget-container\">\n\t\t\t\t\t\t\t\t\t\t\t\t\t\t\t<img decoding=\"async\" src=\"https:\/\/lukasiewicz.gov.pl\/wp-content\/uploads\/2024\/12\/michal-jaros-e1735554253698.webp\" title=\"michal-jaros\" alt=\"Micha\u0142 Jaros\" loading=\"lazy\" \/>\t\t\t\t\t\t\t\t\t\t\t\t\t\t\t<\/div>\n\t\t\t\t<\/div>\n\t\t\t\t<div class=\"elementor-element elementor-element-627af43 elementor-widget elementor-widget-text-editor\" data-id=\"627af43\" data-element_type=\"widget\" data-e-type=\"widget\" data-widget_type=\"text-editor.default\">\n\t\t\t\t<div class=\"elementor-widget-container\">\n\t\t\t\t\t\t\t\t\t<p><strong>Micha\u0142 Jaros<\/strong><\/p><p>Member of the Council, Secretary of State at the Ministry of Development and Technology<\/p>\t\t\t\t\t\t\t\t<\/div>\n\t\t\t\t<\/div>\n\t\t\t\t\t<\/div>\n\t\t<\/div>\n\t\t\t\t\t<\/div>\n\t\t<\/section>\n\t\t\t\t<section class=\"elementor-section elementor-inner-section elementor-element elementor-element-b986ef9 elementor-section-boxed elementor-section-height-default elementor-section-height-default\" data-id=\"b986ef9\" data-element_type=\"section\" data-e-type=\"section\">\n\t\t\t\t\t\t<div class=\"elementor-container elementor-column-gap-default\">\n\t\t\t\t\t<div class=\"elementor-column elementor-col-33 elementor-inner-column elementor-element elementor-element-5a0b0a2\" data-id=\"5a0b0a2\" data-element_type=\"column\" data-e-type=\"column\">\n\t\t\t<div class=\"elementor-widget-wrap elementor-element-populated\">\n\t\t\t\t\t\t<div class=\"elementor-element elementor-element-5732ef6 elementor-widget elementor-widget-image\" data-id=\"5732ef6\" data-element_type=\"widget\" data-e-type=\"widget\" data-widget_type=\"image.default\">\n\t\t\t\t<div class=\"elementor-widget-container\">\n\t\t\t\t\t\t\t\t\t\t\t\t\t\t\t<img decoding=\"async\" width=\"580\" height=\"580\" src=\"https:\/\/lukasiewicz.gov.pl\/wp-content\/uploads\/2024\/03\/Urszula-Zielinska.webp\" class=\"attachment-large size-large wp-image-55694\" alt=\"Urszula Zieli\u0144ska\" srcset=\"https:\/\/lukasiewicz.gov.pl\/wp-content\/uploads\/2024\/03\/Urszula-Zielinska.webp 616w, https:\/\/lukasiewicz.gov.pl\/wp-content\/uploads\/2024\/03\/Urszula-Zielinska-300x300.webp 300w, https:\/\/lukasiewicz.gov.pl\/wp-content\/uploads\/2024\/03\/Urszula-Zielinska-150x150.webp 150w\" sizes=\"(max-width: 580px) 100vw, 580px\" \/>\t\t\t\t\t\t\t\t\t\t\t\t\t\t\t<\/div>\n\t\t\t\t<\/div>\n\t\t\t\t<div class=\"elementor-element elementor-element-c90ab98 elementor-widget elementor-widget-text-editor\" data-id=\"c90ab98\" data-element_type=\"widget\" data-e-type=\"widget\" data-widget_type=\"text-editor.default\">\n\t\t\t\t<div class=\"elementor-widget-container\">\n\t\t\t\t\t\t\t\t\t<p><strong>Urszula Zieli\u0144ska<\/strong><\/p><p>Member of the Council, Secretary of State at the Ministry of Climate and Environment<\/p>\t\t\t\t\t\t\t\t<\/div>\n\t\t\t\t<\/div>\n\t\t\t\t\t<\/div>\n\t\t<\/div>\n\t\t\t\t<div class=\"elementor-column elementor-col-33 elementor-inner-column elementor-element elementor-element-a8101c6\" data-id=\"a8101c6\" data-element_type=\"column\" data-e-type=\"column\">\n\t\t\t<div class=\"elementor-widget-wrap elementor-element-populated\">\n\t\t\t\t\t\t<div class=\"elementor-element elementor-element-9fd919f elementor-widget elementor-widget-image\" data-id=\"9fd919f\" data-element_type=\"widget\" data-e-type=\"widget\" data-widget_type=\"image.default\">\n\t\t\t\t<div class=\"elementor-widget-container\">\n\t\t\t\t\t\t\t\t\t\t\t\t\t\t\t<img loading=\"lazy\" decoding=\"async\" width=\"416\" height=\"416\" src=\"https:\/\/lukasiewicz.gov.pl\/wp-content\/uploads\/2024\/03\/Krzysztof-Galos.webp\" class=\"attachment-large size-large wp-image-55686\" alt=\"Krzysztof Galos\" srcset=\"https:\/\/lukasiewicz.gov.pl\/wp-content\/uploads\/2024\/03\/Krzysztof-Galos.webp 416w, https:\/\/lukasiewicz.gov.pl\/wp-content\/uploads\/2024\/03\/Krzysztof-Galos-300x300.webp 300w, https:\/\/lukasiewicz.gov.pl\/wp-content\/uploads\/2024\/03\/Krzysztof-Galos-150x150.webp 150w\" sizes=\"(max-width: 416px) 100vw, 416px\" \/>\t\t\t\t\t\t\t\t\t\t\t\t\t\t\t<\/div>\n\t\t\t\t<\/div>\n\t\t\t\t<div class=\"elementor-element elementor-element-5a7560d elementor-widget elementor-widget-text-editor\" data-id=\"5a7560d\" data-element_type=\"widget\" data-e-type=\"widget\" data-widget_type=\"text-editor.default\">\n\t\t\t\t<div class=\"elementor-widget-container\">\n\t\t\t\t\t\t\t\t\t<p><strong>Krzysztof Galos<\/strong><\/p><p>Member of the Council, Undersecretary of State at the Ministry of Climate and Environment<\/p>\t\t\t\t\t\t\t\t<\/div>\n\t\t\t\t<\/div>\n\t\t\t\t\t<\/div>\n\t\t<\/div>\n\t\t\t\t<div class=\"elementor-column elementor-col-33 elementor-inner-column elementor-element elementor-element-ed513c5\" data-id=\"ed513c5\" data-element_type=\"column\" data-e-type=\"column\">\n\t\t\t<div class=\"elementor-widget-wrap elementor-element-populated\">\n\t\t\t\t\t\t<div class=\"elementor-element elementor-element-065d716 elementor-widget elementor-widget-image\" data-id=\"065d716\" data-element_type=\"widget\" data-e-type=\"widget\" data-widget_type=\"image.default\">\n\t\t\t\t<div class=\"elementor-widget-container\">\n\t\t\t\t\t\t\t\t\t\t\t\t\t\t\t<img loading=\"lazy\" decoding=\"async\" width=\"580\" height=\"580\" src=\"https:\/\/lukasiewicz.gov.pl\/wp-content\/uploads\/2024\/03\/Michal-Gramatyka.webp\" class=\"attachment-large size-large wp-image-55692\" alt=\"Micha\u0142 Gramatyka\" srcset=\"https:\/\/lukasiewicz.gov.pl\/wp-content\/uploads\/2024\/03\/Michal-Gramatyka.webp 616w, https:\/\/lukasiewicz.gov.pl\/wp-content\/uploads\/2024\/03\/Michal-Gramatyka-300x300.webp 300w, https:\/\/lukasiewicz.gov.pl\/wp-content\/uploads\/2024\/03\/Michal-Gramatyka-150x150.webp 150w\" sizes=\"(max-width: 580px) 100vw, 580px\" \/>\t\t\t\t\t\t\t\t\t\t\t\t\t\t\t<\/div>\n\t\t\t\t<\/div>\n\t\t\t\t<div class=\"elementor-element elementor-element-cc4f2a4 elementor-widget elementor-widget-text-editor\" data-id=\"cc4f2a4\" data-element_type=\"widget\" data-e-type=\"widget\" data-widget_type=\"text-editor.default\">\n\t\t\t\t<div class=\"elementor-widget-container\">\n\t\t\t\t\t\t\t\t\t<p><strong>Micha\u0142 Gramatyka<\/strong><\/p><p>Member of the Council, Secretary of State at the Ministry of Digital Affairs<\/p>\t\t\t\t\t\t\t\t<\/div>\n\t\t\t\t<\/div>\n\t\t\t\t\t<\/div>\n\t\t<\/div>\n\t\t\t\t\t<\/div>\n\t\t<\/section>\n\t\t\t\t<div class=\"elementor-element elementor-element-d996f85 elementor-widget elementor-widget-heading\" data-id=\"d996f85\" data-element_type=\"widget\" data-e-type=\"widget\" data-widget_type=\"heading.default\">\n\t\t\t\t<div class=\"elementor-widget-container\">\n\t\t\t\t\t<h2 class=\"elementor-heading-title elementor-size-default\">College of Advisors<\/h2>\t\t\t\t<\/div>\n\t\t\t\t<\/div>\n\t\t\t\t<div class=\"elementor-element elementor-element-dca995f elementor-widget elementor-widget-spacer\" data-id=\"dca995f\" data-element_type=\"widget\" data-e-type=\"widget\" data-widget_type=\"spacer.default\">\n\t\t\t\t<div class=\"elementor-widget-container\">\n\t\t\t\t\t\t\t<div class=\"elementor-spacer\">\n\t\t\t<div class=\"elementor-spacer-inner\"><\/div>\n\t\t<\/div>\n\t\t\t\t\t\t<\/div>\n\t\t\t\t<\/div>\n\t\t\t\t<div class=\"elementor-element elementor-element-31df71d elementor-widget elementor-widget-text-editor\" data-id=\"31df71d\" data-element_type=\"widget\" data-e-type=\"widget\" data-widget_type=\"text-editor.default\">\n\t\t\t\t<div class=\"elementor-widget-container\">\n\t\t\t\t\t\t\t\t\t<h4>Representatives of the socio-economic and financial community<\/h4><ul><li>Pawel Bielski, President of the College<\/li><li>Eliza Kruczkowska<\/li><li>Mariusz Senko<\/li><li>Jacek Staroscic<\/li><li>Natalia Hatalska<\/li><li>Adam Piotrowski<\/li><li>Marian Lubieniecki<\/li><li>Michael Zygmunt<\/li><li>Agnieszka Sznyk<\/li><li>Pawel Przewie\u017alikowski<\/li><\/ul><h4>Representatives of the scientific community<\/h4><ul><li>prof. Jolanta Itrich-Drabarek<\/li><li>Marcin Kochanowicz<\/li><li>Krzysztof Okarma<\/li><li>Marcin Banach<\/li><li>Ewa Wojciechowska<\/li><\/ul><h4>Directors of Lukasiewicz institutes<\/h4><ul><li>prof. dr hab. in\u017c. Adam Zielinski<\/li><li>dr hab. Pawe\u0142 Pichniarczyk, Eng.<\/li><li>prof. dr hab. Jaros\u0142aw Bosy, Eng.<\/li><li>dr Ewa Smigiera, Eng.<\/li><li>dr Barbara Juszczyk, Eng.<\/li><\/ul>\t\t\t\t\t\t\t\t<\/div>\n\t\t\t\t<\/div>\n\t\t\t\t\t<\/div>\n\t\t<\/div>\n\t\t\t\t\t<\/div>\n\t\t<\/section>\n\t\t\t\t<section class=\"elementor-section elementor-top-section elementor-element elementor-element-05b3fdc elementor-section-boxed elementor-section-height-default elementor-section-height-default\" data-id=\"05b3fdc\" data-element_type=\"section\" data-e-type=\"section\">\n\t\t\t\t\t\t<div class=\"elementor-container elementor-column-gap-default\">\n\t\t\t\t\t<div class=\"elementor-column elementor-col-100 elementor-top-column elementor-element elementor-element-c91fec6\" data-id=\"c91fec6\" data-element_type=\"column\" data-e-type=\"column\">\n\t\t\t<div class=\"elementor-widget-wrap\">\n\t\t\t\t\t\t\t<\/div>\n\t\t<\/div>\n\t\t\t\t\t<\/div>\n\t\t<\/section>\n\t\t\t\t<\/div>\n\t\t","protected":false},"excerpt":{"rendered":"<p>Council and College of Advisors \u0141ukasiewicz Center Council Maria Mr\u00f3wczy\u0144ska Chair of the Council, Undersecretary of State at the Ministry of Science and Higher Education Marek Gzik Member of the Council, Secretary of State at the Ministry of Science and Higher Education Micha\u0142 Jaros Member of the Council, Secretary of State at the Ministry of [&hellip;]<\/p>\n","protected":false},"author":1,"featured_media":0,"parent":0,"menu_order":0,"comment_status":"closed","ping_status":"closed","template":"","meta":{"_acf_changed":false,"_seopress_robots_primary_cat":"","_seopress_titles_title":"","_seopress_titles_desc":"","_seopress_robots_index":"","inline_featured_image":false,"footnotes":""},"class_list":["post-32158","page","type-page","status-publish","hentry"],"acf":[],"publishpress_future_action":{"enabled":false,"date":"2026-04-22 03:04:31","action":"change-status","newStatus":"draft","terms":[],"taxonomy":"translation_priority","extraData":[]},"publishpress_future_workflow_manual_trigger":{"enabledWorkflows":[]},"_links":{"self":[{"href":"https:\/\/lukasiewicz.gov.pl\/en\/wp-json\/wp\/v2\/pages\/32158","targetHints":{"allow":["GET"]}}],"collection":[{"href":"https:\/\/lukasiewicz.gov.pl\/en\/wp-json\/wp\/v2\/pages"}],"about":[{"href":"https:\/\/lukasiewicz.gov.pl\/en\/wp-json\/wp\/v2\/types\/page"}],"author":[{"embeddable":true,"href":"https:\/\/lukasiewicz.gov.pl\/en\/wp-json\/wp\/v2\/users\/1"}],"replies":[{"embeddable":true,"href":"https:\/\/lukasiewicz.gov.pl\/en\/wp-json\/wp\/v2\/comments?post=32158"}],"version-history":[{"count":5,"href":"https:\/\/lukasiewicz.gov.pl\/en\/wp-json\/wp\/v2\/pages\/32158\/revisions"}],"predecessor-version":[{"id":66921,"href":"https:\/\/lukasiewicz.gov.pl\/en\/wp-json\/wp\/v2\/pages\/32158\/revisions\/66921"}],"wp:attachment":[{"href":"https:\/\/lukasiewicz.gov.pl\/en\/wp-json\/wp\/v2\/media?parent=32158"}],"curies":[{"name":"wp","href":"https:\/\/api.w.org\/{rel}","templated":true}]}}